{"id":708,"date":"2026-01-24T02:11:44","date_gmt":"2026-01-24T02:11:44","guid":{"rendered":"https:\/\/alllifecycle.com\/?page_id=708"},"modified":"2026-02-04T03:00:27","modified_gmt":"2026-02-04T03:00:27","slug":"mining-operation-solutions","status":"publish","type":"page","link":"https:\/\/alllifecycle.com\/tr\/mining-operation-solutions\/","title":{"rendered":"Madencilik Operasyon \u00c7\u00f6z\u00fcmleri"},"content":{"rendered":"","protected":false},"excerpt":{"rendered":"","protected":false},"author":1,"featured_media":0,"parent":0,"menu_order":0,"comment_status":"closed","ping_status":"closed","template":"solution.php","meta":{"_acf_changed":false,"footnotes":""},"class_list":["post-708","page","type-page","status-publish","hentry"],"acf":[],"_links":{"self":[{"href":"https:\/\/alllifecycle.com\/tr\/wp-json\/wp\/v2\/pages\/708","targetHints":{"allow":["GET"]}}],"collection":[{"href":"https:\/\/alllifecycle.com\/tr\/wp-json\/wp\/v2\/pages"}],"about":[{"href":"https:\/\/alllifecycle.com\/tr\/wp-json\/wp\/v2\/types\/page"}],"author":[{"embeddable":true,"href":"https:\/\/alllifecycle.com\/tr\/wp-json\/wp\/v2\/users\/1"}],"replies":[{"embeddable":true,"href":"https:\/\/alllifecycle.com\/tr\/wp-json\/wp\/v2\/comments?post=708"}],"version-history":[{"count":10,"href":"https:\/\/alllifecycle.com\/tr\/wp-json\/wp\/v2\/pages\/708\/revisions"}],"predecessor-version":[{"id":1671,"href":"https:\/\/alllifecycle.com\/tr\/wp-json\/wp\/v2\/pages\/708\/revisions\/1671"}],"wp:attachment":[{"href":"https:\/\/alllifecycle.com\/tr\/wp-json\/wp\/v2\/media?parent=708"}],"curies":[{"name":"wp","href":"https:\/\/api.w.org\/{rel}","templated":true}]}}